{"id":1020,"date":"2022-04-19T09:37:18","date_gmt":"2022-04-19T09:37:18","guid":{"rendered":"https:\/\/client2.septembermedia.ro\/?page_id=1020"},"modified":"2023-06-26T12:32:36","modified_gmt":"2023-06-26T12:32:36","slug":"contact","status":"publish","type":"page","link":"https:\/\/cnncongres2023.neuroexcelenta.ro\/en\/contact\/","title":{"rendered":"Contact"},"content":{"rendered":"<div data-elementor-type=\"wp-page\" data-elementor-id=\"1020\" class=\"elementor elementor-1020\" data-elementor-post-type=\"page\">\n\t\t\t\t<div class=\"elementor-element elementor-element-ab5daed e-flex e-con-boxed e-con e-parent\" data-id=\"ab5daed\" data-element_type=\"container\" data-e-type=\"container\" data-settings=\"{&quot;background_background&quot;:&quot;classic&quot;}\">\n\t\t\t\t\t<div class=\"e-con-inner\">\n\t\t<div class=\"elementor-element elementor-element-d4addf8 e-con-full e-flex e-con e-child\" data-id=\"d4addf8\" data-element_type=\"container\" data-e-type=\"container\">\n\t\t\t\t<div class=\"elementor-element elementor-element-f723893 elementor-widget elementor-widget-heading\" data-id=\"f723893\" data-element_type=\"widget\" data-e-type=\"widget\" data-widget_type=\"heading.default\">\n\t\t\t\t<div class=\"elementor-widget-container\">\n\t\t\t\t\t<h2 class=\"elementor-heading-title elementor-size-default\">Contact<\/h2>\t\t\t\t<\/div>\n\t\t\t\t<\/div>\n\t\t<div class=\"elementor-element elementor-element-7436ce8 e-con-full e-flex e-con e-child\" data-id=\"7436ce8\" data-element_type=\"container\" data-e-type=\"container\">\n\t\t<div class=\"elementor-element elementor-element-dd56483 e-con-full e-flex e-con e-child\" data-id=\"dd56483\" data-element_type=\"container\" data-e-type=\"container\">\n\t\t\t\t<div class=\"elementor-element elementor-element-267a7aa elementor-view-default elementor-widget elementor-widget-icon\" data-id=\"267a7aa\" data-element_type=\"widget\" data-e-type=\"widget\" data-widget_type=\"icon.default\">\n\t\t\t\t<div class=\"elementor-widget-container\">\n\t\t\t\t\t\t\t<div class=\"elementor-icon-wrapper\">\n\t\t\t<div class=\"elementor-icon\">\n\t\t\t<svg aria-hidden=\"true\" class=\"e-font-icon-svg e-far-arrow-alt-circle-down\" viewbox=\"0 0 512 512\" xmlns=\"http:\/\/www.w3.org\/2000\/svg\"><path d=\"M256 8C119 8 8 119 8 256s111 248 248 248 248-111 248-248S393 8 256 8zm0 448c-110.5 0-200-89.5-200-200S145.5 56 256 56s200 89.5 200 200-89.5 200-200 200zm-32-316v116h-67c-10.7 0-16 12.9-8.5 20.5l99 99c4.7 4.7 12.3 4.7 17 0l99-99c7.6-7.6 2.2-20.5-8.5-20.5h-67V140c0-6.6-5.4-12-12-12h-40c-6.6 0-12 5.4-12 12z\"><\/path><\/svg>\t\t\t<\/div>\n\t\t<\/div>\n\t\t\t\t\t\t<\/div>\n\t\t\t\t<\/div>\n\t\t\t\t<\/div>\n\t\t\t\t<\/div>\n\t\t\t\t<\/div>\n\t\t\t\t\t<\/div>\n\t\t\t\t<\/div>\n\t\t\t\t<section class=\"elementor-section elementor-top-section elementor-element elementor-element-903304d elementor-section-boxed elementor-section-height-default elementor-section-height-default\" data-id=\"903304d\" data-element_type=\"section\" data-e-type=\"section\">\n\t\t\t\t\t\t<div class=\"elementor-container elementor-column-gap-no\">\n\t\t\t\t\t<div class=\"elementor-column elementor-col-50 elementor-top-column elementor-element elementor-element-f60fdd0\" data-id=\"f60fdd0\" data-element_type=\"column\" data-e-type=\"column\">\n\t\t\t<div class=\"elementor-widget-wrap elementor-element-populated\">\n\t\t\t\t\t\t<div class=\"elementor-element elementor-element-81caebc elementor-widget elementor-widget-image\" data-id=\"81caebc\" data-element_type=\"widget\" data-e-type=\"widget\" data-widget_type=\"image.default\">\n\t\t\t\t<div class=\"elementor-widget-container\">\n\t\t\t\t\t\t\t\t\t\t\t\t\t\t\t<img fetchpriority=\"high\" decoding=\"async\" width=\"300\" height=\"300\" src=\"https:\/\/cnncongres2023.neuroexcelenta.ro\/wp-content\/uploads\/2022\/04\/logo-dimas.jpg\" class=\"attachment-full size-full wp-image-693\" alt=\"\" srcset=\"https:\/\/cnncongres2023.neuroexcelenta.ro\/wp-content\/uploads\/2022\/04\/logo-dimas.jpg 300w, https:\/\/cnncongres2023.neuroexcelenta.ro\/wp-content\/uploads\/2022\/04\/logo-dimas-150x150.jpg 150w\" sizes=\"(max-width: 300px) 100vw, 300px\" \/>\t\t\t\t\t\t\t\t\t\t\t\t\t\t\t<\/div>\n\t\t\t\t<\/div>\n\t\t\t\t\t<\/div>\n\t\t<\/div>\n\t\t\t\t<div class=\"elementor-column elementor-col-50 elementor-top-column elementor-element elementor-element-927b96e\" data-id=\"927b96e\" data-element_type=\"column\" data-e-type=\"column\">\n\t\t\t<div class=\"elementor-widget-wrap elementor-element-populated\">\n\t\t\t\t\t\t<div class=\"elementor-element elementor-element-9e91c21 elementor-widget elementor-widget-text-editor\" data-id=\"9e91c21\" data-element_type=\"widget\" data-e-type=\"widget\" data-widget_type=\"text-editor.default\">\n\t\t\t\t<div class=\"elementor-widget-container\">\n\t\t\t\t\t\t\t\t\tPentru informa\u021bii suplimentare legat de \u00eenregistrare, taxe de participare \u0219i parteneriate,\nv\u0103 invit\u0103m s\u0103 ne contacta\u021bi la:\t\t\t\t\t\t\t\t<\/div>\n\t\t\t\t<\/div>\n\t\t\t\t<div class=\"elementor-element elementor-element-b8cb098 elementor-widget elementor-widget-text-editor\" data-id=\"b8cb098\" data-element_type=\"widget\" data-e-type=\"widget\" data-widget_type=\"text-editor.default\">\n\t\t\t\t<div class=\"elementor-widget-container\">\n\t\t\t\t\t\t\t\t\t<strong>Tel: +40 730 808 778<br>\nE-mail: office@dimas.com.ro\u00a0<\/strong> \t\t\t\t\t\t\t\t<\/div>\n\t\t\t\t<\/div>\n\t\t\t\t\t<\/div>\n\t\t<\/div>\n\t\t\t\t\t<\/div>\n\t\t<\/section>\n\t\t\t\t<\/div>","protected":false},"excerpt":{"rendered":"<p>Contact Pentru informa\u021bii suplimentare legat de \u00eenregistrare, taxe de participare \u0219i parteneriate, v\u0103 invit\u0103m s\u0103 ne contacta\u021bi la:Tel: +40 730 808 778 E-mail: office@dimas.com.ro\u00a0<\/p>","protected":false},"author":1,"featured_media":0,"parent":0,"menu_order":0,"comment_status":"closed","ping_status":"closed","template":"","meta":{"footnotes":""},"class_list":["post-1020","page","type-page","status-publish","hentry"],"_links":{"self":[{"href":"https:\/\/cnncongres2023.neuroexcelenta.ro\/en\/wp-json\/wp\/v2\/pages\/1020","targetHints":{"allow":["GET"]}}],"collection":[{"href":"https:\/\/cnncongres2023.neuroexcelenta.ro\/en\/wp-json\/wp\/v2\/pages"}],"about":[{"href":"https:\/\/cnncongres2023.neuroexcelenta.ro\/en\/wp-json\/wp\/v2\/types\/page"}],"author":[{"embeddable":true,"href":"https:\/\/cnncongres2023.neuroexcelenta.ro\/en\/wp-json\/wp\/v2\/users\/1"}],"replies":[{"embeddable":true,"href":"https:\/\/cnncongres2023.neuroexcelenta.ro\/en\/wp-json\/wp\/v2\/comments?post=1020"}],"version-history":[{"count":16,"href":"https:\/\/cnncongres2023.neuroexcelenta.ro\/en\/wp-json\/wp\/v2\/pages\/1020\/revisions"}],"predecessor-version":[{"id":2536,"href":"https:\/\/cnncongres2023.neuroexcelenta.ro\/en\/wp-json\/wp\/v2\/pages\/1020\/revisions\/2536"}],"wp:attachment":[{"href":"https:\/\/cnncongres2023.neuroexcelenta.ro\/en\/wp-json\/wp\/v2\/media?parent=1020"}],"curies":[{"name":"wp","href":"https:\/\/api.w.org\/{rel}","templated":true}]}}