{"id":751,"date":"2022-04-18T09:20:43","date_gmt":"2022-04-18T09:20:43","guid":{"rendered":"https:\/\/client2.septembermedia.ro\/?page_id=751"},"modified":"2023-06-24T11:50:57","modified_gmt":"2023-06-24T11:50:57","slug":"despre-iasi","status":"publish","type":"page","link":"https:\/\/cnncongres2023.neuroexcelenta.ro\/en\/despre-iasi\/","title":{"rendered":"About Iasi"},"content":{"rendered":"<div data-elementor-type=\"wp-page\" data-elementor-id=\"751\" class=\"elementor elementor-751\" data-elementor-post-type=\"page\">\n\t\t\t\t<div class=\"elementor-element elementor-element-c1d0f5e e-flex e-con-boxed e-con e-parent\" data-id=\"c1d0f5e\" data-element_type=\"container\" data-e-type=\"container\" data-settings=\"{&quot;background_background&quot;:&quot;classic&quot;}\">\n\t\t\t\t\t<div class=\"e-con-inner\">\n\t\t<div class=\"elementor-element elementor-element-e4b3d68 e-con-full e-flex e-con e-child\" data-id=\"e4b3d68\" data-element_type=\"container\" data-e-type=\"container\">\n\t\t\t\t<div class=\"elementor-element elementor-element-e581bf9 elementor-widget elementor-widget-heading\" data-id=\"e581bf9\" data-element_type=\"widget\" data-e-type=\"widget\" data-widget_type=\"heading.default\">\n\t\t\t\t<div class=\"elementor-widget-container\">\n\t\t\t\t\t<h2 class=\"elementor-heading-title elementor-size-default\">About Iasi<\/h2>\t\t\t\t<\/div>\n\t\t\t\t<\/div>\n\t\t<div class=\"elementor-element elementor-element-34e8860 e-con-full e-flex e-con e-child\" data-id=\"34e8860\" data-element_type=\"container\" data-e-type=\"container\">\n\t\t<div class=\"elementor-element elementor-element-d908c67 e-con-full e-flex e-con e-child\" data-id=\"d908c67\" data-element_type=\"container\" data-e-type=\"container\">\n\t\t\t\t<div class=\"elementor-element elementor-element-c34e53d elementor-mobile-align-left elementor-widget elementor-widget-button\" data-id=\"c34e53d\" data-element_type=\"widget\" data-e-type=\"widget\" data-widget_type=\"button.default\">\n\t\t\t\t<div class=\"elementor-widget-container\">\n\t\t\t\t\t\t\t\t\t<div class=\"elementor-button-wrapper\">\n\t\t\t\t\t<a class=\"elementor-button elementor-button-link elementor-size-sm elementor-animation-grow\" href=\"https:\/\/www.booking.com\/searchresults.ro.html?checkout_year=2023&#038;from_sf=1&#038;aid=2229281&#038;ss=Ia\u015fi%2C+Ia\u015fi%2C+Rom\u00e2nia&#038;checkin_monthday=27&#038;ssne_untouched=Stuttgart&#038;checkin_year=2023&#038;error_url=https%3A%2F%2Fwww.booking.com%2Findex.ro.html%3Faid%3D2229281%26sid%3D127be024b46777a3b20597cadcc334e6%26sb_price_type%3Dtotal%26%26&#038;search_pageview_id=58577ae1227b026c&#038;search_pageview_id=58577ae1227b026c&#038;dest_id=-1161664&#038;b_h4u_keep_filters=&#038;src_elem=sb&#038;ac_langcode=ro&#038;group_children=0&#038;dest_type=city&#038;iata=IAS&#038;place_id_lon=27.580675&#038;checkin_month=9&#038;src=index&#038;ac_suggestion_list_length=5&#038;sb=1&#038;ac_position=0&#038;sid=127be024b46777a3b20597cadcc334e6&#038;checkout_monthday=30&#038;sb_lp=1&#038;efdco=1&#038;ac_click_type=b&#038;place_id_lat=47.166103&#038;no_rooms=1&#038;is_ski_area=&#038;search_selected=true&#038;checkout_month=9&#038;ac_meta=GhA1ODU3N2FlMTIyN2IwMjZjIAAoATICcm86BElhc2lAAEoAUAA%3D&#038;group_adults=2&#038;ssne=Stuttgart&#038;ac_suggestion_theme_list_length=0&#038;ss_raw=Iasi\" target=\"_blank\">\n\t\t\t\t\t\t<span class=\"elementor-button-content-wrapper\">\n\t\t\t\t\t\t\t\t\t<span class=\"elementor-button-text\">Discover<\/span>\n\t\t\t\t\t<\/span>\n\t\t\t\t\t<\/a>\n\t\t\t\t<\/div>\n\t\t\t\t\t\t\t\t<\/div>\n\t\t\t\t<\/div>\n\t\t\t\t<\/div>\n\t\t\t\t<\/div>\n\t\t\t\t<\/div>\n\t\t\t\t\t<\/div>\n\t\t\t\t<\/div>\n\t\t\t\t<\/div>","protected":false},"excerpt":{"rendered":"<p>Despre Ia\u0219i Descoper\u0103<\/p>","protected":false},"author":1,"featured_media":0,"parent":0,"menu_order":0,"comment_status":"closed","ping_status":"closed","template":"","meta":{"footnotes":""},"class_list":["post-751","page","type-page","status-publish","hentry"],"_links":{"self":[{"href":"https:\/\/cnncongres2023.neuroexcelenta.ro\/en\/wp-json\/wp\/v2\/pages\/751","targetHints":{"allow":["GET"]}}],"collection":[{"href":"https:\/\/cnncongres2023.neuroexcelenta.ro\/en\/wp-json\/wp\/v2\/pages"}],"about":[{"href":"https:\/\/cnncongres2023.neuroexcelenta.ro\/en\/wp-json\/wp\/v2\/types\/page"}],"author":[{"embeddable":true,"href":"https:\/\/cnncongres2023.neuroexcelenta.ro\/en\/wp-json\/wp\/v2\/users\/1"}],"replies":[{"embeddable":true,"href":"https:\/\/cnncongres2023.neuroexcelenta.ro\/en\/wp-json\/wp\/v2\/comments?post=751"}],"version-history":[{"count":17,"href":"https:\/\/cnncongres2023.neuroexcelenta.ro\/en\/wp-json\/wp\/v2\/pages\/751\/revisions"}],"predecessor-version":[{"id":2368,"href":"https:\/\/cnncongres2023.neuroexcelenta.ro\/en\/wp-json\/wp\/v2\/pages\/751\/revisions\/2368"}],"wp:attachment":[{"href":"https:\/\/cnncongres2023.neuroexcelenta.ro\/en\/wp-json\/wp\/v2\/media?parent=751"}],"curies":[{"name":"wp","href":"https:\/\/api.w.org\/{rel}","templated":true}]}}