{"id":845,"date":"2022-04-19T07:33:51","date_gmt":"2022-04-19T07:33:51","guid":{"rendered":"https:\/\/client2.septembermedia.ro\/?page_id=845"},"modified":"2023-09-18T08:47:58","modified_gmt":"2023-09-18T08:47:58","slug":"rezumate","status":"publish","type":"page","link":"https:\/\/cnncongres2023.neuroexcelenta.ro\/en\/rezumate\/","title":{"rendered":"Rezumate"},"content":{"rendered":"<div data-elementor-type=\"wp-page\" data-elementor-id=\"845\" class=\"elementor elementor-845\" data-elementor-post-type=\"page\">\n\t\t\t\t<div class=\"elementor-element elementor-element-95f7a47 e-flex e-con-boxed e-con e-parent\" data-id=\"95f7a47\" data-element_type=\"container\" data-e-type=\"container\" data-settings=\"{&quot;background_background&quot;:&quot;classic&quot;}\">\n\t\t\t\t\t<div class=\"e-con-inner\">\n\t\t<div class=\"elementor-element elementor-element-0da1c24 e-con-full e-flex e-con e-child\" data-id=\"0da1c24\" data-element_type=\"container\" data-e-type=\"container\">\n\t\t\t\t<div class=\"elementor-element elementor-element-d16254a elementor-widget elementor-widget-heading\" data-id=\"d16254a\" data-element_type=\"widget\" data-e-type=\"widget\" data-widget_type=\"heading.default\">\n\t\t\t\t<div class=\"elementor-widget-container\">\n\t\t\t\t\t<h2 class=\"elementor-heading-title elementor-size-default\">Rezumate<\/h2>\t\t\t\t<\/div>\n\t\t\t\t<\/div>\n\t\t<div class=\"elementor-element elementor-element-6af229c e-con-full e-flex e-con e-child\" data-id=\"6af229c\" data-element_type=\"container\" data-e-type=\"container\">\n\t\t<div class=\"elementor-element elementor-element-e8b2e44 e-con-full e-flex e-con e-child\" data-id=\"e8b2e44\" data-element_type=\"container\" data-e-type=\"container\">\n\t\t\t\t<div class=\"elementor-element elementor-element-20429d7 elementor-view-default elementor-widget elementor-widget-icon\" data-id=\"20429d7\" data-element_type=\"widget\" data-e-type=\"widget\" data-widget_type=\"icon.default\">\n\t\t\t\t<div class=\"elementor-widget-container\">\n\t\t\t\t\t\t\t<div class=\"elementor-icon-wrapper\">\n\t\t\t<div class=\"elementor-icon\">\n\t\t\t<svg aria-hidden=\"true\" class=\"e-font-icon-svg e-far-arrow-alt-circle-down\" viewbox=\"0 0 512 512\" xmlns=\"http:\/\/www.w3.org\/2000\/svg\"><path d=\"M256 8C119 8 8 119 8 256s111 248 248 248 248-111 248-248S393 8 256 8zm0 448c-110.5 0-200-89.5-200-200S145.5 56 256 56s200 89.5 200 200-89.5 200-200 200zm-32-316v116h-67c-10.7 0-16 12.9-8.5 20.5l99 99c4.7 4.7 12.3 4.7 17 0l99-99c7.6-7.6 2.2-20.5-8.5-20.5h-67V140c0-6.6-5.4-12-12-12h-40c-6.6 0-12 5.4-12 12z\"><\/path><\/svg>\t\t\t<\/div>\n\t\t<\/div>\n\t\t\t\t\t\t<\/div>\n\t\t\t\t<\/div>\n\t\t\t\t<\/div>\n\t\t\t\t<\/div>\n\t\t\t\t<\/div>\n\t\t\t\t\t<\/div>\n\t\t\t\t<\/div>\n\t\t<div class=\"elementor-element elementor-element-563c03a e-flex e-con-boxed e-con e-parent\" data-id=\"563c03a\" data-element_type=\"container\" data-e-type=\"container\">\n\t\t\t\t\t<div class=\"e-con-inner\">\n\t\t<div class=\"elementor-element elementor-element-4a2ba9e e-con-full e-flex e-con e-child\" data-id=\"4a2ba9e\" data-element_type=\"container\" data-e-type=\"container\">\n\t\t\t\t<div class=\"elementor-element elementor-element-46302b3 elementor-widget elementor-widget-heading\" data-id=\"46302b3\" data-element_type=\"widget\" data-e-type=\"widget\" data-widget_type=\"heading.default\">\n\t\t\t\t<div class=\"elementor-widget-container\">\n\t\t\t\t\t<h2 class=\"elementor-heading-title elementor-size-default\">INSTRUC\u021aIUNI PENTRU REDACTAREA REZUMATELOR<\/h2>\t\t\t\t<\/div>\n\t\t\t\t<\/div>\n\t\t\t\t<div class=\"elementor-element elementor-element-2cc1773 elementor-widget elementor-widget-text-editor\" data-id=\"2cc1773\" data-element_type=\"widget\" data-e-type=\"widget\" data-widget_type=\"text-editor.default\">\n\t\t\t\t<div class=\"elementor-widget-container\">\n\t\t\t\t\t\t\t\t\tRezumatele (\u00een limba rom\u00e2n\u0103 \u0219i\/sau englez\u0103) redactate conform instruc\u021biunilor de mai jos, se vor trimite prin e-mail la adresa office@dimas.com.ro p\u00e2n\u0103 la data de 25 AUGUST 2023.\n\nToate rezumatele vor fi verificate de Comitetul \u0218tiin\u021bific al CNN 2023, \u00eenainte de a fi publicate.\n\nRezumatele vor fi publicate \u00een Volumul de rezumate al CNN 2023 (volum cu ISSN). \t\t\t\t\t\t\t\t<\/div>\n\t\t\t\t<\/div>\n\t\t\t\t<\/div>\n\t\t<div class=\"elementor-element elementor-element-a92d965 e-con-full e-flex e-con e-child\" data-id=\"a92d965\" data-element_type=\"container\" data-e-type=\"container\">\n\t\t\t\t<\/div>\n\t\t\t\t\t<\/div>\n\t\t\t\t<\/div>\n\t\t<div class=\"elementor-element elementor-element-98c3d3f e-flex e-con-boxed e-con e-parent\" data-id=\"98c3d3f\" data-element_type=\"container\" data-e-type=\"container\">\n\t\t\t\t\t<div class=\"e-con-inner\">\n\t\t<div class=\"elementor-element elementor-element-676e1e3 e-con-full e-flex e-con e-child\" data-id=\"676e1e3\" data-element_type=\"container\" data-e-type=\"container\">\n\t\t\t\t<div class=\"elementor-element elementor-element-d1dead2 elementor-widget elementor-widget-heading\" data-id=\"d1dead2\" data-element_type=\"widget\" data-e-type=\"widget\" data-widget_type=\"heading.default\">\n\t\t\t\t<div class=\"elementor-widget-container\">\n\t\t\t\t\t<h2 class=\"elementor-heading-title elementor-size-default\">ORIENT\u0102RI GENERALE<\/h2>\t\t\t\t<\/div>\n\t\t\t\t<\/div>\n\t\t\t\t<div class=\"elementor-element elementor-element-0398fbd elementor-widget elementor-widget-text-editor\" data-id=\"0398fbd\" data-element_type=\"widget\" data-e-type=\"widget\" data-widget_type=\"text-editor.default\">\n\t\t\t\t<div class=\"elementor-widget-container\">\n\t\t\t\t\t\t\t\t\t<ul><li>Rezumatele trebuie trimise \u0219i prezentate \u00een limba rom\u00e2n\u0103 \u0219i\/sau englez\u0103.<\/li><li>V\u0103 recomand\u0103m s\u0103 utiliza\u021bi un software de procesare a cuvintelor (de exemplu, Word) pentru editarea rezumatului.<\/li><li>Rezumatul nu trebuie s\u0103 con\u0163in\u0103 grafice, tabele, imagini sau alte tipuri de figuri.<\/li><li>Lectorul va trimite materialul numai dac\u0103 el sau un coautor se angajeaz\u0103 s\u0103 se \u00eenregistreze \u0219i s\u0103 participe la CNN 2023, pentru a prezenta lucrarea.<\/li><li>Nu exist\u0103 limit\u0103 pentru num\u0103rul de rezumate pe care le pute\u021bi trimite.<\/li><li>\u00cenregistrarea este obligatorie \u00een procesul de depunere. To\u021bi prezentatorii trebuie s\u0103 fie \u00eenscri\u0219i la eveniment p\u00e2n\u0103 la data de 25 AUGUST 2023, altfel rezumatul nu va fi inclus \u00een volumul de rezumate al CNN 2023 (volum cu ISSN).<\/li><li>Dup\u0103 depunerea rezumatului, nu sunt permise modific\u0103ri \u00een ceea ce prive\u0219te con\u021binutul sau autorii.<\/li><li>NU vor fi editate materialele care contin gre\u0219eli de ortografie sau de titluri formatate necorespunz\u0103tor. Este responsabilitatea solicitantului s\u0103 revizuiasc\u0103 \u0219i s\u0103 verifice toate lucr\u0103rile trimise.<\/li><\/ul>\t\t\t\t\t\t\t\t<\/div>\n\t\t\t\t<\/div>\n\t\t\t\t<\/div>\n\t\t<div class=\"elementor-element elementor-element-3fb34c7 e-con-full e-flex e-con e-child\" data-id=\"3fb34c7\" data-element_type=\"container\" data-e-type=\"container\">\n\t\t\t\t<\/div>\n\t\t\t\t\t<\/div>\n\t\t\t\t<\/div>\n\t\t<div class=\"elementor-element elementor-element-52b771d e-flex e-con-boxed e-con e-parent\" data-id=\"52b771d\" data-element_type=\"container\" data-e-type=\"container\">\n\t\t\t\t\t<div class=\"e-con-inner\">\n\t\t<div class=\"elementor-element elementor-element-45fba98 e-con-full e-flex e-con e-child\" data-id=\"45fba98\" data-element_type=\"container\" data-e-type=\"container\">\n\t\t\t\t<div class=\"elementor-element elementor-element-7e42d20 elementor-widget elementor-widget-heading\" data-id=\"7e42d20\" data-element_type=\"widget\" data-e-type=\"widget\" data-widget_type=\"heading.default\">\n\t\t\t\t<div class=\"elementor-widget-container\">\n\t\t\t\t\t<h2 class=\"elementor-heading-title elementor-size-default\">INFORMA\u021aII NECESARE PENTRU A FINALIZA TRIMITEREA UNUI REZUMAT<\/h2>\t\t\t\t<\/div>\n\t\t\t\t<\/div>\n\t\t\t\t<div class=\"elementor-element elementor-element-6d935de elementor-widget elementor-widget-text-editor\" data-id=\"6d935de\" data-element_type=\"widget\" data-e-type=\"widget\" data-widget_type=\"text-editor.default\">\n\t\t\t\t<div class=\"elementor-widget-container\">\n\t\t\t\t\t\t\t\t\t<ul><li>Autor principal \u2014 Persoan\u0103 care trimite rezumatul. Toat\u0103 coresponden\u021ba se va face cu autorul principal.<\/li><li>Titlu (nu mai mult de 30 de cuvinte)<\/li><li>Titlul trebuie s\u0103 fie c\u00e2t mai scurt posibil, \u00een mod elocvent pentru con\u021binutul manuscrisului.<\/li><li>Numele autorilor vor fi scrise cu prenume (precede numele de familie: prenumele autorilor masculini vor fi prescurtate, iar cele feminine se vor scrie f\u0103r\u0103 abreviere).<\/li><li>Afilierea va include institu\u021bia (Universitate, Facultate, Spital, Departament, Clinic\u0103) \u0219i corespunz\u0103tor \u0219i informa\u021biile de contact (adres\u0103 de e-mail).<\/li><li>Con\u021binut (maximum 350 de cuvinte) are \u00een vedere:<\/li><li>Obiectivele clare ale studiului.<\/li><li>Elementele cheie din fiecare etap\u0103 a studiului<\/li><li>Cele mai importante concluzii \u0219i semnifica\u021bia lor \u0219tiin\u021bific\u0103.<\/li><li>Cuvinte cheie (p\u00e2n\u0103 la cinci)<\/li><li>List\u0103 de autori &#8211; Pot fi inclu\u0219i p\u00e2n\u0103 la 5 autori.<\/li><\/ul>\t\t\t\t\t\t\t\t<\/div>\n\t\t\t\t<\/div>\n\t\t\t\t<div class=\"elementor-element elementor-element-65371d5 elementor-widget elementor-widget-text-editor\" data-id=\"65371d5\" data-element_type=\"widget\" data-e-type=\"widget\" data-widget_type=\"text-editor.default\">\n\t\t\t\t<div class=\"elementor-widget-container\">\n\t\t\t\t\t\t\t\t\tSubiectul studiului trebuie s\u0103 se \u00eencadreze \u00een tematica anun\u021bat\u0103. Dac\u0103 autorul\/autorii doresc s\u0103\npropun\u0103 un subiect cu o tematic\u0103 diferit\u0103, acesta va comunica organizatorilor rezumatul cu\nmen\u021biunea: OP\u021aIONAL.\t\t\t\t\t\t\t\t<\/div>\n\t\t\t\t<\/div>\n\t\t\t\t<div class=\"elementor-element elementor-element-8e81165 elementor-widget elementor-widget-text-editor\" data-id=\"8e81165\" data-element_type=\"widget\" data-e-type=\"widget\" data-widget_type=\"text-editor.default\">\n\t\t\t\t<div class=\"elementor-widget-container\">\n\t\t\t\t\t\t\t\t\tAutorul care trimite un rezumat al unei lucr\u0103ri, trebuie s\u0103 aleag\u0103 unul dintre subiectele\npropuse \u00een tematic\u0103. \t\t\t\t\t\t\t\t<\/div>\n\t\t\t\t<\/div>\n\t\t\t\t<\/div>\n\t\t<div class=\"elementor-element elementor-element-55cce0f e-con-full e-flex e-con e-child\" data-id=\"55cce0f\" data-element_type=\"container\" data-e-type=\"container\">\n\t\t\t\t<\/div>\n\t\t\t\t\t<\/div>\n\t\t\t\t<\/div>\n\t\t<div class=\"elementor-element elementor-element-42fbe37 e-flex e-con-boxed e-con e-parent\" data-id=\"42fbe37\" data-element_type=\"container\" data-e-type=\"container\">\n\t\t\t\t\t<div class=\"e-con-inner\">\n\t\t<div class=\"elementor-element elementor-element-a0a1d33 e-con-full e-flex e-con e-child\" data-id=\"a0a1d33\" data-element_type=\"container\" data-e-type=\"container\">\n\t\t\t\t<div class=\"elementor-element elementor-element-186f62a elementor-widget elementor-widget-heading\" data-id=\"186f62a\" data-element_type=\"widget\" data-e-type=\"widget\" data-widget_type=\"heading.default\">\n\t\t\t\t<div class=\"elementor-widget-container\">\n\t\t\t\t\t<h2 class=\"elementor-heading-title elementor-size-default\">TERMENE LIMIT\u0102 \u0218I DATE IMPORTANTE PENTRU EVENIMENT<\/h2>\t\t\t\t<\/div>\n\t\t\t\t<\/div>\n\t\t\t\t<div class=\"elementor-element elementor-element-e057178 elementor-widget elementor-widget-text-editor\" data-id=\"e057178\" data-element_type=\"widget\" data-e-type=\"widget\" data-widget_type=\"text-editor.default\">\n\t\t\t\t<div class=\"elementor-widget-container\">\n\t\t\t\t\t\t\t\t\t<ul><li>Trimitere rezumate \u2013 sesiune deschis\u0103 \u2013 01 IULIE 2023<\/li><li>Termenul limit\u0103 pentru depunerea rezumatelor \u2013 25 AUGUST 2023<\/li><li>Termenul limit\u0103 pentru finalizarea \u00eenscrierii autorului care prezint\u0103 lucrarea \u2013 05 SEPTEMBRIE 2023.<\/li><\/ul>\t\t\t\t\t\t\t\t<\/div>\n\t\t\t\t<\/div>\n\t\t\t\t<\/div>\n\t\t<div class=\"elementor-element elementor-element-f08532c e-con-full e-flex e-con e-child\" data-id=\"f08532c\" data-element_type=\"container\" data-e-type=\"container\">\n\t\t\t\t<\/div>\n\t\t\t\t\t<\/div>\n\t\t\t\t<\/div>\n\t\t<div class=\"elementor-element elementor-element-49cd35f e-flex e-con-boxed e-con e-parent\" data-id=\"49cd35f\" data-element_type=\"container\" data-e-type=\"container\">\n\t\t\t\t\t<div class=\"e-con-inner\">\n\t\t<div class=\"elementor-element elementor-element-c205474 e-con-full e-flex e-con e-child\" data-id=\"c205474\" data-element_type=\"container\" data-e-type=\"container\">\n\t\t\t\t<div class=\"elementor-element elementor-element-35d4d2c elementor-widget elementor-widget-heading\" data-id=\"35d4d2c\" data-element_type=\"widget\" data-e-type=\"widget\" data-widget_type=\"heading.default\">\n\t\t\t\t<div class=\"elementor-widget-container\">\n\t\t\t\t\t<h2 class=\"elementor-heading-title elementor-size-default\">ORIENT\u0102RI DE FORMAT PENTRU PREZENT\u0102RI<\/h2>\t\t\t\t<\/div>\n\t\t\t\t<\/div>\n\t\t\t\t<div class=\"elementor-element elementor-element-2bb33c7 elementor-widget elementor-widget-text-editor\" data-id=\"2bb33c7\" data-element_type=\"widget\" data-e-type=\"widget\" data-widget_type=\"text-editor.default\">\n\t\t\t\t<div class=\"elementor-widget-container\">\n\t\t\t\t\t\t\t\t\t<ul><li>PowerPoint este programul de prezentare disponibil.<\/li><li>Pentru prezent\u0103ri nu sunt permise alte dispozitive, computere personale etc. dec\u00e2t cele ale organizatorilor.<\/li><li>Sistemul de manipulare \u0219i distribu\u021bie PowerPoint este optimizat pentru MS PowerPoint 2016 (Office 2016) \u0219i fi\u0219iere Adobe Acrobat (\u201c*.pdf\u201d). \u00cenc\u0103rcarea \u201eDVD-Movies\u201d nu este acceptat\u0103.<\/li><li>Suporturile de stocare a datelor acceptate sunt: CD, DVD (ca Data-storage-medium) \u0219i USB-Memory (Stick). Toate fi\u0219ierele necesare \u2013 \u0219i fi\u0219ierele de film (!) \u2013 trebuie s\u0103 fie pe<br \/>suportul de date.<\/li><li>Format pentru filme \u00eencorporate: sunt de preferat \u201e*.mp4\u201d \u0219i \u201e*.wmv\u201d, orice alt format<br \/>poate func\u021biona sau poate fi convertit \u00eentr-un format optimizat (poate dura ceva timp!)<\/li><li>Fonturile care sunt folosite \u00een prezent\u0103ri trebuie s\u0103 fie fonturi latine. Dac\u0103 ave\u021bi nevoie de fonturi speciale, acestea ar trebui s\u0103 fie stocate ca \u201efonturi \u00eencorporate\u201d \u00eempreun\u0103 cu<br \/>prezentarea. (Fi\u0219ier -&gt; salvare ca \u201enumele prezent\u0103rii\u201d \u0219i sub \u201einstrumente\u201d \u2192 op\u021biuni de salvare bifa\u021bi caseta de selectare \u201e\u00eencorpora\u021bi fonturi True type\u201d \u0219i selecta\u021bi \u201e\u00eencorpora\u021bi toate caracterele\u201c). C\u00e2nd utiliza\u021bi simboluri matematice, v\u0103 rug\u0103m s\u0103 utiliza\u021bi acestea care sunt disponibile sub fonturi latine (unicode sau DOS: Europa de Vest).Prezent\u0103rile ar trebui s\u0103 fie salvate ca \u201e*.ppt\u201c, \u201e*.pptx\u201d (= PowerPoint) sau \u201e*.pps\u201c,<br \/>\u201e*.ppsx\u201c(=PowerPoint Slideshow) \u2013 fi\u0219ierul \u0219i filmele pot fi fi\u0219iere separate pe mediul de date (dac\u0103 nu este \u00eencorporat).<br \/>V\u0103 rug\u0103m s\u0103 respecta\u021bi aceste specifica\u021bii de mai sus pentru a avea o prezentare bine<br \/>preg\u0103tit\u0103!<br \/>V\u0103 mul\u021bumim pentru participarea dvs. activ\u0103 la programul CNN 2023!<\/li><\/ul>\t\t\t\t\t\t\t\t<\/div>\n\t\t\t\t<\/div>\n\t\t\t\t<\/div>\n\t\t\t\t\t<\/div>\n\t\t\t\t<\/div>\n\t\t\t\t<\/div>","protected":false},"excerpt":{"rendered":"<p>Rezumate INSTRUC\u021aIUNI PENTRU REDACTAREA REZUMATELOR Rezumatele (\u00een limba rom\u00e2n\u0103 \u0219i\/sau englez\u0103) redactate conform instruc\u021biunilor de mai jos, se vor trimite prin e-mail la adresa office@dimas.com.ro p\u00e2n\u0103 la data de 25 AUGUST 2023. Toate rezumatele vor fi verificate de Comitetul \u0218tiin\u021bific al CNN 2023, \u00eenainte de a fi publicate. Rezumatele vor fi publicate \u00een Volumul de [&hellip;]<\/p>","protected":false},"author":1,"featured_media":0,"parent":0,"menu_order":0,"comment_status":"closed","ping_status":"closed","template":"","meta":{"footnotes":""},"class_list":["post-845","page","type-page","status-publish","hentry"],"_links":{"self":[{"href":"https:\/\/cnncongres2023.neuroexcelenta.ro\/en\/wp-json\/wp\/v2\/pages\/845","targetHints":{"allow":["GET"]}}],"collection":[{"href":"https:\/\/cnncongres2023.neuroexcelenta.ro\/en\/wp-json\/wp\/v2\/pages"}],"about":[{"href":"https:\/\/cnncongres2023.neuroexcelenta.ro\/en\/wp-json\/wp\/v2\/types\/page"}],"author":[{"embeddable":true,"href":"https:\/\/cnncongres2023.neuroexcelenta.ro\/en\/wp-json\/wp\/v2\/users\/1"}],"replies":[{"embeddable":true,"href":"https:\/\/cnncongres2023.neuroexcelenta.ro\/en\/wp-json\/wp\/v2\/comments?post=845"}],"version-history":[{"count":44,"href":"https:\/\/cnncongres2023.neuroexcelenta.ro\/en\/wp-json\/wp\/v2\/pages\/845\/revisions"}],"predecessor-version":[{"id":2976,"href":"https:\/\/cnncongres2023.neuroexcelenta.ro\/en\/wp-json\/wp\/v2\/pages\/845\/revisions\/2976"}],"wp:attachment":[{"href":"https:\/\/cnncongres2023.neuroexcelenta.ro\/en\/wp-json\/wp\/v2\/media?parent=845"}],"curies":[{"name":"wp","href":"https:\/\/api.w.org\/{rel}","templated":true}]}}